{"id":669,"date":"2016-06-03T19:57:08","date_gmt":"2016-06-03T17:57:08","guid":{"rendered":"http:\/\/kreativclub-kiel.de\/?page_id=669"},"modified":"2019-03-18T13:51:32","modified_gmt":"2019-03-18T12:51:32","slug":"veranstaltungen-2016","status":"publish","type":"page","link":"https:\/\/kreativclub-kiel.de\/?page_id=669","title":{"rendered":"Veranstaltungen 2016"},"content":{"rendered":"<p>&nbsp;<\/p>\n<p>Am 12. u. 13. M\u00e4rz hatten wir zum ersten mal einen Stand im B\u00fcrgerhaus Kronshagen.<\/p>\n<p>Es war ein sehr sch\u00f6nes Wochenende. Wir hatten haupts\u00e4chlichPapierschmuck.<\/p>\n<p>Hier ein paar Impressionen unseres Standes.<\/p>\n<div id='gallery-1' class='gallery galleryid-669 gallery-columns-2 gallery-size-medium'><dl class='gallery-item'>\n\t\t\t<dt class='gallery-icon landscape'>\n\t\t\t\t<a href='https:\/\/kreativclub-kiel.de\/?attachment_id=663'><img loading=\"lazy\" decoding=\"async\" width=\"300\" height=\"180\" src=\"https:\/\/kreativclub-kiel.de\/wp-content\/uploads\/2016\/05\/20160312_093003-300x180.jpg\" class=\"attachment-medium size-medium\" alt=\"\" aria-describedby=\"gallery-1-663\" srcset=\"https:\/\/kreativclub-kiel.de\/wp-content\/uploads\/2016\/05\/20160312_093003-300x180.jpg 300w, https:\/\/kreativclub-kiel.de\/wp-content\/uploads\/2016\/05\/20160312_093003-768x462.jpg 768w, https:\/\/kreativclub-kiel.de\/wp-content\/uploads\/2016\/05\/20160312_093003-1024x616.jpg 1024w, https:\/\/kreativclub-kiel.de\/wp-content\/uploads\/2016\/05\/20160312_093003.jpg 2048w\" sizes=\"auto, (max-width: 300px) 100vw, 300px\" \/><\/a>\n\t\t\t<\/dt>\n\t\t\t\t<dd class='wp-caption-text gallery-caption' id='gallery-1-663'>\n\t\t\t\tSvetlanas Taschen\n\t\t\t\t<\/dd><\/dl><dl class='gallery-item'>\n\t\t\t<dt class='gallery-icon landscape'>\n\t\t\t\t<a href='https:\/\/kreativclub-kiel.de\/?attachment_id=661'><img loading=\"lazy\" decoding=\"async\" width=\"300\" height=\"180\" src=\"https:\/\/kreativclub-kiel.de\/wp-content\/uploads\/2016\/05\/20160312_092946-300x180.jpg\" class=\"attachment-medium size-medium\" alt=\"\" srcset=\"https:\/\/kreativclub-kiel.de\/wp-content\/uploads\/2016\/05\/20160312_092946-300x180.jpg 300w, https:\/\/kreativclub-kiel.de\/wp-content\/uploads\/2016\/05\/20160312_092946-768x462.jpg 768w, https:\/\/kreativclub-kiel.de\/wp-content\/uploads\/2016\/05\/20160312_092946-1024x616.jpg 1024w, https:\/\/kreativclub-kiel.de\/wp-content\/uploads\/2016\/05\/20160312_092946.jpg 2048w\" sizes=\"auto, (max-width: 300px) 100vw, 300px\" \/><\/a>\n\t\t\t<\/dt><\/dl><br style=\"clear: both\" \/><dl class='gallery-item'>\n\t\t\t<dt class='gallery-icon landscape'>\n\t\t\t\t<a href='https:\/\/kreativclub-kiel.de\/?attachment_id=660'><img loading=\"lazy\" decoding=\"async\" width=\"300\" height=\"180\" src=\"https:\/\/kreativclub-kiel.de\/wp-content\/uploads\/2016\/05\/20160312_092957-300x180.jpg\" class=\"attachment-medium size-medium\" alt=\"\" srcset=\"https:\/\/kreativclub-kiel.de\/wp-content\/uploads\/2016\/05\/20160312_092957-300x180.jpg 300w, https:\/\/kreativclub-kiel.de\/wp-content\/uploads\/2016\/05\/20160312_092957-768x462.jpg 768w, https:\/\/kreativclub-kiel.de\/wp-content\/uploads\/2016\/05\/20160312_092957-1024x616.jpg 1024w, https:\/\/kreativclub-kiel.de\/wp-content\/uploads\/2016\/05\/20160312_092957.jpg 2048w\" sizes=\"auto, (max-width: 300px) 100vw, 300px\" \/><\/a>\n\t\t\t<\/dt><\/dl><dl class='gallery-item'>\n\t\t\t<dt class='gallery-icon landscape'>\n\t\t\t\t<a href='https:\/\/kreativclub-kiel.de\/?attachment_id=659'><img loading=\"lazy\" decoding=\"async\" width=\"300\" height=\"180\" src=\"https:\/\/kreativclub-kiel.de\/wp-content\/uploads\/2016\/05\/20160312_164540-300x180.jpg\" class=\"attachment-medium size-medium\" alt=\"\" srcset=\"https:\/\/kreativclub-kiel.de\/wp-content\/uploads\/2016\/05\/20160312_164540-300x180.jpg 300w, https:\/\/kreativclub-kiel.de\/wp-content\/uploads\/2016\/05\/20160312_164540-768x462.jpg 768w, https:\/\/kreativclub-kiel.de\/wp-content\/uploads\/2016\/05\/20160312_164540-1024x616.jpg 1024w, https:\/\/kreativclub-kiel.de\/wp-content\/uploads\/2016\/05\/20160312_164540.jpg 2048w\" sizes=\"auto, (max-width: 300px) 100vw, 300px\" \/><\/a>\n\t\t\t<\/dt><\/dl><br style=\"clear: both\" \/>\n\t\t<\/div>\n\n<p>19.M\u00e4rz<\/p>\n<p>Osterbasteln bei famila<\/p>\n<p><a href=\"http:\/\/kreativclub-kiel.de\/wp-content\/uploads\/2016\/06\/famila-osterbasteln-047.jpg\"><img loading=\"lazy\" decoding=\"async\" class=\"alignleft size-medium wp-image-758\" src=\"http:\/\/kreativclub-kiel.de\/wp-content\/uploads\/2016\/06\/famila-osterbasteln-047-300x225.jpg\" alt=\"famila osterbasteln 047\" width=\"300\" height=\"225\" srcset=\"https:\/\/kreativclub-kiel.de\/wp-content\/uploads\/2016\/06\/famila-osterbasteln-047-300x225.jpg 300w, https:\/\/kreativclub-kiel.de\/wp-content\/uploads\/2016\/06\/famila-osterbasteln-047-768x576.jpg 768w, https:\/\/kreativclub-kiel.de\/wp-content\/uploads\/2016\/06\/famila-osterbasteln-047-1024x768.jpg 1024w\" sizes=\"auto, (max-width: 300px) 100vw, 300px\" \/><\/a><\/p>\n<p>&nbsp;<\/p>\n<p>&nbsp;<\/p>\n<p>&nbsp;<\/p>\n<p>&nbsp;<\/p>\n<p>&nbsp;<\/p>\n<p>&nbsp;<\/p>\n<p>&nbsp;<\/p>\n<p>Mettenhofer Kulturtage<\/p>\n<p>Am 29.Oktober, in der Zeit von 15:00-18:00 Uhr, kann im Birgitta-Thomas-Haus<\/p>\n<p>die Herstellung von Papierperlen erlernt werden. Die Papierperlen k\u00f6nnen z.B. zu<\/p>\n<p>Schmuck verarbeitet werden. Anregungen unter Papierperlen. Ab 04.Oktober zeigen wir in<\/p>\n<p>der Mettenhof Apotheke wieder Beispiele , was alles m\u00f6glich ist.<\/p>\n<p>Wir freuen uns.<\/p>\n<p><a href=\"http:\/\/kreativclub-kiel.de\/wp-content\/uploads\/2016\/06\/kre2.jpg\"><img loading=\"lazy\" decoding=\"async\" class=\"alignleft size-medium wp-image-757\" src=\"http:\/\/kreativclub-kiel.de\/wp-content\/uploads\/2016\/06\/kre2-300x214.jpg\" alt=\"Papierperlen\" width=\"300\" height=\"214\" srcset=\"https:\/\/kreativclub-kiel.de\/wp-content\/uploads\/2016\/06\/kre2-300x214.jpg 300w, https:\/\/kreativclub-kiel.de\/wp-content\/uploads\/2016\/06\/kre2-768x548.jpg 768w, https:\/\/kreativclub-kiel.de\/wp-content\/uploads\/2016\/06\/kre2.jpg 986w\" sizes=\"auto, (max-width: 300px) 100vw, 300px\" \/><br \/>\n<\/a><\/p>\n<p>&nbsp;<\/p>\n<p>&nbsp;<\/p>\n<p>&nbsp;<\/p>\n<p>&nbsp;<\/p>\n<p>&nbsp;<\/p>\n<p>18.November<\/p>\n<p>Lichterfest im B\u00fcrgerhaus<\/p>\n<p>&nbsp;<\/p>\n<p>27.11. Veranstaltung zur Kirchenwahl im Birgitta-Thomas Haus<\/p>\n<p><a href=\"http:\/\/kreativclub-kiel.de\/wp-content\/uploads\/2016\/06\/IMG_20161127_143346.jpg\"><img loading=\"lazy\" decoding=\"async\" class=\"alignleft size-medium wp-image-808\" src=\"http:\/\/kreativclub-kiel.de\/wp-content\/uploads\/2016\/06\/IMG_20161127_143346-300x225.jpg\" alt=\"Tischdeko\" width=\"300\" height=\"225\" srcset=\"https:\/\/kreativclub-kiel.de\/wp-content\/uploads\/2016\/06\/IMG_20161127_143346-300x225.jpg 300w, https:\/\/kreativclub-kiel.de\/wp-content\/uploads\/2016\/06\/IMG_20161127_143346-768x576.jpg 768w, https:\/\/kreativclub-kiel.de\/wp-content\/uploads\/2016\/06\/IMG_20161127_143346-1024x768.jpg 1024w\" sizes=\"auto, (max-width: 300px) 100vw, 300px\" \/><\/a><\/p>\n<p>03.Dezember<\/p>\n<p>Sterne-Sterne-Sterne<\/p>\n<p>Unz\u00e4hlige Sterne leuchten nachts am Himmelszelt. Sie leuchten f\u00fcr alle Menschen und geh\u00f6ren zur Weihnachtszeit dazu.<\/p>\n<p>Liebe Kinder, wir wollen am 3. Dezember ab 10 Uhr bei famila( Mettenhof) mit euch viele verschiedene Sterne basteln.<\/p>\n<p>F\u00fcr die flei\u00dfigen Bastler hat famila noch eine \u00dcberraschung.<\/p>\n<p>Wir freuen uns auf euch.<\/p>\n<p><a href=\"http:\/\/kreativclub-kiel.de\/wp-content\/uploads\/2016\/06\/IMG_20161129_134947.jpg\"><img loading=\"lazy\" decoding=\"async\" class=\"alignleft size-medium wp-image-806\" src=\"http:\/\/kreativclub-kiel.de\/wp-content\/uploads\/2016\/06\/IMG_20161129_134947-300x225.jpg\" alt=\"Sterne\" width=\"300\" height=\"225\" srcset=\"https:\/\/kreativclub-kiel.de\/wp-content\/uploads\/2016\/06\/IMG_20161129_134947-300x225.jpg 300w, https:\/\/kreativclub-kiel.de\/wp-content\/uploads\/2016\/06\/IMG_20161129_134947-768x576.jpg 768w, https:\/\/kreativclub-kiel.de\/wp-content\/uploads\/2016\/06\/IMG_20161129_134947-1024x768.jpg 1024w\" sizes=\"auto, (max-width: 300px) 100vw, 300px\" \/><\/a><\/p>\n<p>&nbsp;<\/p>\n<p>&nbsp;<\/p>\n<p>&nbsp;<\/p>\n","protected":false},"excerpt":{"rendered":"<p>&nbsp; Am 12. u. 13. M\u00e4rz hatten wir zum ersten mal einen Stand im B\u00fcrgerhaus Kronshagen. Es war ein sehr sch\u00f6nes Wochenende. Wir hatten haupts\u00e4chlichPapierschmuck. Hier ein paar Impressionen unseres Standes. 19.M\u00e4rz Osterbasteln bei famila &nbsp; &nbsp; &nbsp; &nbsp; &nbsp; &hellip; <a href=\"https:\/\/kreativclub-kiel.de\/?page_id=669\">Weiterlesen <span class=\"meta-nav\">&rarr;<\/span><\/a><\/p>\n","protected":false},"author":3,"featured_media":0,"parent":149,"menu_order":0,"comment_status":"closed","ping_status":"closed","template":"page-template-full.php","meta":{"footnotes":""},"class_list":["post-669","page","type-page","status-publish","hentry"],"_links":{"self":[{"href":"https:\/\/kreativclub-kiel.de\/index.php?rest_route=\/wp\/v2\/pages\/669","targetHints":{"allow":["GET"]}}],"collection":[{"href":"https:\/\/kreativclub-kiel.de\/index.php?rest_route=\/wp\/v2\/pages"}],"about":[{"href":"https:\/\/kreativclub-kiel.de\/index.php?rest_route=\/wp\/v2\/types\/page"}],"author":[{"embeddable":true,"href":"https:\/\/kreativclub-kiel.de\/index.php?rest_route=\/wp\/v2\/users\/3"}],"replies":[{"embeddable":true,"href":"https:\/\/kreativclub-kiel.de\/index.php?rest_route=%2Fwp%2Fv2%2Fcomments&post=669"}],"version-history":[{"count":9,"href":"https:\/\/kreativclub-kiel.de\/index.php?rest_route=\/wp\/v2\/pages\/669\/revisions"}],"predecessor-version":[{"id":1230,"href":"https:\/\/kreativclub-kiel.de\/index.php?rest_route=\/wp\/v2\/pages\/669\/revisions\/1230"}],"up":[{"embeddable":true,"href":"https:\/\/kreativclub-kiel.de\/index.php?rest_route=\/wp\/v2\/pages\/149"}],"wp:attachment":[{"href":"https:\/\/kreativclub-kiel.de\/index.php?rest_route=%2Fwp%2Fv2%2Fmedia&parent=669"}],"curies":[{"name":"wp","href":"https:\/\/api.w.org\/{rel}","templated":true}]}}