{"id":25,"date":"2015-05-01T22:38:07","date_gmt":"2015-05-01T20:38:07","guid":{"rendered":"http:\/\/kreativclub-kiel.de\/?page_id=25"},"modified":"2024-06-21T23:09:10","modified_gmt":"2024-06-21T21:09:10","slug":"ueber-uns","status":"publish","type":"page","link":"https:\/\/kreativclub-kiel.de\/?page_id=25","title":{"rendered":"\u00dcber uns"},"content":{"rendered":"<p>Seit 1994 bieten wir einen Raum f\u00fcr Kreative im Norden die sich austauschen und inspirieren. Ob Stricken, H\u00e4keln, N\u00e4hen, Sticken oder Basteln, bei uns findet jeder etwas, das ihm Spa\u00df macht und seine Talente f\u00f6rdert.<\/p>\n<p>In den letzten 30 Jahren haben wir viele Erinnerungen gesammelt, gemeinsam gelacht, gelernt und gefeiert. Wir haben uns gegenseitig unterst\u00fctzt, motiviert und herausgefordert. Wir haben auch viele neue Freundschaften geschlossen, die \u00fcber dem Club hinausgehen. Wir sind mehr als nur ein Kreativclub, wir sind eine Familie.<\/p>\n<p>Wir sind \u00fcberzeugt, dass unser Club auch in Zukunft bestehen und wachsen wird, denn Kreativit\u00e4t ist zeitlos. Wir freuen uns auf die n\u00e4chsten Jahre und sind gespannt, was wir noch alles gemeinsam schaffen werden.<\/p>\n<p>Gerne k\u00f6nnen sich neue Mitglieder uns anschlie\u00dfen.<\/p>\n","protected":false},"excerpt":{"rendered":"<p>Seit 1994 bieten wir einen Raum f\u00fcr Kreative im Norden die sich austauschen und inspirieren. Ob Stricken, H\u00e4keln, N\u00e4hen, Sticken oder Basteln, bei uns findet jeder etwas, das ihm Spa\u00df macht und seine Talente f\u00f6rdert. In den letzten 30 Jahren &hellip; <a href=\"https:\/\/kreativclub-kiel.de\/?page_id=25\">Weiterlesen <span class=\"meta-nav\">&rarr;<\/span><\/a><\/p>\n","protected":false},"author":1,"featured_media":0,"parent":0,"menu_order":0,"comment_status":"closed","ping_status":"closed","template":"","meta":{"footnotes":""},"class_list":["post-25","page","type-page","status-publish","hentry"],"_links":{"self":[{"href":"https:\/\/kreativclub-kiel.de\/index.php?rest_route=\/wp\/v2\/pages\/25","targetHints":{"allow":["GET"]}}],"collection":[{"href":"https:\/\/kreativclub-kiel.de\/index.php?rest_route=\/wp\/v2\/pages"}],"about":[{"href":"https:\/\/kreativclub-kiel.de\/index.php?rest_route=\/wp\/v2\/types\/page"}],"author":[{"embeddable":true,"href":"https:\/\/kreativclub-kiel.de\/index.php?rest_route=\/wp\/v2\/users\/1"}],"replies":[{"embeddable":true,"href":"https:\/\/kreativclub-kiel.de\/index.php?rest_route=%2Fwp%2Fv2%2Fcomments&post=25"}],"version-history":[{"count":5,"href":"https:\/\/kreativclub-kiel.de\/index.php?rest_route=\/wp\/v2\/pages\/25\/revisions"}],"predecessor-version":[{"id":1670,"href":"https:\/\/kreativclub-kiel.de\/index.php?rest_route=\/wp\/v2\/pages\/25\/revisions\/1670"}],"wp:attachment":[{"href":"https:\/\/kreativclub-kiel.de\/index.php?rest_route=%2Fwp%2Fv2%2Fmedia&parent=25"}],"curies":[{"name":"wp","href":"https:\/\/api.w.org\/{rel}","templated":true}]}}