{"id":187,"date":"2015-05-02T18:37:18","date_gmt":"2015-05-02T16:37:18","guid":{"rendered":"http:\/\/kreativclub-kiel.de\/?page_id=187"},"modified":"2024-06-17T14:45:15","modified_gmt":"2024-06-17T12:45:15","slug":"verschiedene-perlenarbeiten","status":"publish","type":"page","link":"https:\/\/kreativclub-kiel.de\/?page_id=187","title":{"rendered":"verschiedene Perlenarbeiten"},"content":{"rendered":"<div id='gallery-1' class='gallery galleryid-187 gallery-columns-3 gallery-size-medium'><dl class='gallery-item'>\n\t\t\t<dt class='gallery-icon landscape'>\n\t\t\t\t<a href='https:\/\/kreativclub-kiel.de\/?attachment_id=192'><img loading=\"lazy\" decoding=\"async\" width=\"300\" height=\"225\" src=\"https:\/\/kreativclub-kiel.de\/wp-content\/uploads\/2015\/05\/Stickbild-Erdbeere-300x225.jpg\" class=\"attachment-medium size-medium\" alt=\"\" aria-describedby=\"gallery-1-192\" srcset=\"https:\/\/kreativclub-kiel.de\/wp-content\/uploads\/2015\/05\/Stickbild-Erdbeere-300x225.jpg 300w, https:\/\/kreativclub-kiel.de\/wp-content\/uploads\/2015\/05\/Stickbild-Erdbeere-1024x768.jpg 1024w\" sizes=\"auto, (max-width: 300px) 100vw, 300px\" \/><\/a>\n\t\t\t<\/dt>\n\t\t\t\t<dd class='wp-caption-text gallery-caption' id='gallery-1-192'>\n\t\t\t\tBild teilweise mit Perlen\ngestickt\n\t\t\t\t<\/dd><\/dl><dl class='gallery-item'>\n\t\t\t<dt class='gallery-icon landscape'>\n\t\t\t\t<a href='https:\/\/kreativclub-kiel.de\/?attachment_id=189'><img loading=\"lazy\" decoding=\"async\" width=\"300\" height=\"225\" src=\"https:\/\/kreativclub-kiel.de\/wp-content\/uploads\/2015\/05\/4-Schneeflocken-300x225.jpg\" class=\"attachment-medium size-medium\" alt=\"\" aria-describedby=\"gallery-1-189\" srcset=\"https:\/\/kreativclub-kiel.de\/wp-content\/uploads\/2015\/05\/4-Schneeflocken-300x225.jpg 300w, https:\/\/kreativclub-kiel.de\/wp-content\/uploads\/2015\/05\/4-Schneeflocken-1024x768.jpg 1024w\" sizes=\"auto, (max-width: 300px) 100vw, 300px\" \/><\/a>\n\t\t\t<\/dt>\n\t\t\t\t<dd class='wp-caption-text gallery-caption' id='gallery-1-189'>\n\t\t\t\tSchneeflocken nach\nOlga Haserodt\n\t\t\t\t<\/dd><\/dl><dl class='gallery-item'>\n\t\t\t<dt class='gallery-icon portrait'>\n\t\t\t\t<a href='https:\/\/kreativclub-kiel.de\/?attachment_id=596'><img loading=\"lazy\" decoding=\"async\" width=\"225\" height=\"300\" src=\"https:\/\/kreativclub-kiel.de\/wp-content\/uploads\/2015\/05\/Schneemannkugel-225x300.jpg\" class=\"attachment-medium size-medium\" alt=\"\" aria-describedby=\"gallery-1-596\" srcset=\"https:\/\/kreativclub-kiel.de\/wp-content\/uploads\/2015\/05\/Schneemannkugel-225x300.jpg 225w, https:\/\/kreativclub-kiel.de\/wp-content\/uploads\/2015\/05\/Schneemannkugel-768x1024.jpg 768w, https:\/\/kreativclub-kiel.de\/wp-content\/uploads\/2015\/05\/Schneemannkugel.jpg 1920w\" sizes=\"auto, (max-width: 225px) 100vw, 225px\" \/><\/a>\n\t\t\t<\/dt>\n\t\t\t\t<dd class='wp-caption-text gallery-caption' id='gallery-1-596'>\n\t\t\t\tSchneemann\n\t\t\t\t<\/dd><\/dl><br style=\"clear: both\" \/><dl class='gallery-item'>\n\t\t\t<dt class='gallery-icon landscape'>\n\t\t\t\t<a href='https:\/\/kreativclub-kiel.de\/?attachment_id=193'><img loading=\"lazy\" decoding=\"async\" width=\"300\" height=\"225\" src=\"https:\/\/kreativclub-kiel.de\/wp-content\/uploads\/2015\/05\/20150502_182332-300x225.jpg\" class=\"attachment-medium size-medium\" alt=\"\" aria-describedby=\"gallery-1-193\" srcset=\"https:\/\/kreativclub-kiel.de\/wp-content\/uploads\/2015\/05\/20150502_182332-300x225.jpg 300w, https:\/\/kreativclub-kiel.de\/wp-content\/uploads\/2015\/05\/20150502_182332-1024x768.jpg 1024w\" sizes=\"auto, (max-width: 300px) 100vw, 300px\" \/><\/a>\n\t\t\t<\/dt>\n\t\t\t\t<dd class='wp-caption-text gallery-caption' id='gallery-1-193'>\n\t\t\t\tPerlenstickbild als Magnet\n\t\t\t\t<\/dd><\/dl><dl class='gallery-item'>\n\t\t\t<dt class='gallery-icon landscape'>\n\t\t\t\t<a href='https:\/\/kreativclub-kiel.de\/?attachment_id=190'><img loading=\"lazy\" decoding=\"async\" width=\"300\" height=\"225\" src=\"https:\/\/kreativclub-kiel.de\/wp-content\/uploads\/2015\/05\/Kristalkreis-300x225.jpg\" class=\"attachment-medium size-medium\" alt=\"\" aria-describedby=\"gallery-1-190\" srcset=\"https:\/\/kreativclub-kiel.de\/wp-content\/uploads\/2015\/05\/Kristalkreis-300x225.jpg 300w, https:\/\/kreativclub-kiel.de\/wp-content\/uploads\/2015\/05\/Kristalkreis-1024x768.jpg 1024w\" sizes=\"auto, (max-width: 300px) 100vw, 300px\" \/><\/a>\n\t\t\t<\/dt>\n\t\t\t\t<dd class='wp-caption-text gallery-caption' id='gallery-1-190'>\n\t\t\t\tPerlenkreis aus 4 u. 6mm\nBicone\n\t\t\t\t<\/dd><\/dl><dl class='gallery-item'>\n\t\t\t<dt class='gallery-icon landscape'>\n\t\t\t\t<a href='https:\/\/kreativclub-kiel.de\/?attachment_id=191'><img loading=\"lazy\" decoding=\"async\" width=\"300\" height=\"225\" src=\"https:\/\/kreativclub-kiel.de\/wp-content\/uploads\/2015\/05\/Stern-300x225.jpg\" class=\"attachment-medium size-medium\" alt=\"\" aria-describedby=\"gallery-1-191\" srcset=\"https:\/\/kreativclub-kiel.de\/wp-content\/uploads\/2015\/05\/Stern-300x225.jpg 300w, https:\/\/kreativclub-kiel.de\/wp-content\/uploads\/2015\/05\/Stern-1024x768.jpg 1024w\" sizes=\"auto, (max-width: 300px) 100vw, 300px\" \/><\/a>\n\t\t\t<\/dt>\n\t\t\t\t<dd class='wp-caption-text gallery-caption' id='gallery-1-191'>\n\t\t\t\tReversible Flower\nChristmas Ornament\n\t\t\t\t<\/dd><\/dl><br style=\"clear: both\" \/><dl class='gallery-item'>\n\t\t\t<dt class='gallery-icon landscape'>\n\t\t\t\t<a href='https:\/\/kreativclub-kiel.de\/?attachment_id=887'><img loading=\"lazy\" decoding=\"async\" width=\"300\" height=\"225\" src=\"https:\/\/kreativclub-kiel.de\/wp-content\/uploads\/2017\/04\/IMG_20170114_085455-300x225.jpg\" class=\"attachment-medium size-medium\" alt=\"\" aria-describedby=\"gallery-1-887\" srcset=\"https:\/\/kreativclub-kiel.de\/wp-content\/uploads\/2017\/04\/IMG_20170114_085455-300x225.jpg 300w, https:\/\/kreativclub-kiel.de\/wp-content\/uploads\/2017\/04\/IMG_20170114_085455-768x576.jpg 768w, https:\/\/kreativclub-kiel.de\/wp-content\/uploads\/2017\/04\/IMG_20170114_085455-1024x768.jpg 1024w\" sizes=\"auto, (max-width: 300px) 100vw, 300px\" \/><\/a>\n\t\t\t<\/dt>\n\t\t\t\t<dd class='wp-caption-text gallery-caption' id='gallery-1-887'>\n\t\t\t\tBrrr ist es kalt\n\t\t\t\t<\/dd><\/dl><dl class='gallery-item'>\n\t\t\t<dt class='gallery-icon landscape'>\n\t\t\t\t<a href='https:\/\/kreativclub-kiel.de\/?attachment_id=822'><img loading=\"lazy\" decoding=\"async\" width=\"300\" height=\"225\" src=\"https:\/\/kreativclub-kiel.de\/wp-content\/uploads\/2017\/01\/IMG_20170106_101947-300x225.jpg\" class=\"attachment-medium size-medium\" alt=\"\" aria-describedby=\"gallery-1-822\" srcset=\"https:\/\/kreativclub-kiel.de\/wp-content\/uploads\/2017\/01\/IMG_20170106_101947-300x225.jpg 300w, https:\/\/kreativclub-kiel.de\/wp-content\/uploads\/2017\/01\/IMG_20170106_101947-768x576.jpg 768w, https:\/\/kreativclub-kiel.de\/wp-content\/uploads\/2017\/01\/IMG_20170106_101947-1024x768.jpg 1024w\" sizes=\"auto, (max-width: 300px) 100vw, 300px\" \/><\/a>\n\t\t\t<\/dt>\n\t\t\t\t<dd class='wp-caption-text gallery-caption' id='gallery-1-822'>\n\t\t\t\tHier wohnt der Weihnachtsmann.\n\t\t\t\t<\/dd><\/dl><dl class='gallery-item'>\n\t\t\t<dt class='gallery-icon landscape'>\n\t\t\t\t<a href='https:\/\/kreativclub-kiel.de\/?attachment_id=888'><img loading=\"lazy\" decoding=\"async\" width=\"300\" height=\"225\" src=\"https:\/\/kreativclub-kiel.de\/wp-content\/uploads\/2017\/04\/IMG_20170114_085132-300x225.jpg\" class=\"attachment-medium size-medium\" alt=\"\" aria-describedby=\"gallery-1-888\" srcset=\"https:\/\/kreativclub-kiel.de\/wp-content\/uploads\/2017\/04\/IMG_20170114_085132-300x225.jpg 300w, https:\/\/kreativclub-kiel.de\/wp-content\/uploads\/2017\/04\/IMG_20170114_085132-768x576.jpg 768w, https:\/\/kreativclub-kiel.de\/wp-content\/uploads\/2017\/04\/IMG_20170114_085132-1024x768.jpg 1024w\" sizes=\"auto, (max-width: 300px) 100vw, 300px\" \/><\/a>\n\t\t\t<\/dt>\n\t\t\t\t<dd class='wp-caption-text gallery-caption' id='gallery-1-888'>\n\t\t\t\tDas Weihnachtsdorf w\u00e4chst\n\t\t\t\t<\/dd><\/dl><br style=\"clear: both\" \/><dl class='gallery-item'>\n\t\t\t<dt class='gallery-icon landscape'>\n\t\t\t\t<a href='https:\/\/kreativclub-kiel.de\/?attachment_id=873'><img loading=\"lazy\" decoding=\"async\" width=\"300\" height=\"225\" src=\"https:\/\/kreativclub-kiel.de\/wp-content\/uploads\/2017\/04\/IMG_20170422_141913-300x225.jpg\" class=\"attachment-medium size-medium\" alt=\"\" aria-describedby=\"gallery-1-873\" srcset=\"https:\/\/kreativclub-kiel.de\/wp-content\/uploads\/2017\/04\/IMG_20170422_141913-300x225.jpg 300w, https:\/\/kreativclub-kiel.de\/wp-content\/uploads\/2017\/04\/IMG_20170422_141913-768x576.jpg 768w, https:\/\/kreativclub-kiel.de\/wp-content\/uploads\/2017\/04\/IMG_20170422_141913-1024x768.jpg 1024w\" sizes=\"auto, (max-width: 300px) 100vw, 300px\" \/><\/a>\n\t\t\t<\/dt>\n\t\t\t\t<dd class='wp-caption-text gallery-caption' id='gallery-1-873'>\n\t\t\t\tOsterei Nr7\nAnleitung Anja Westpfahl\n\t\t\t\t<\/dd><\/dl><dl class='gallery-item'>\n\t\t\t<dt class='gallery-icon landscape'>\n\t\t\t\t<a href='https:\/\/kreativclub-kiel.de\/?attachment_id=872'><img loading=\"lazy\" decoding=\"async\" width=\"300\" height=\"225\" src=\"https:\/\/kreativclub-kiel.de\/wp-content\/uploads\/2017\/04\/IMG_20170422_142315-e1492897111787-300x225.jpg\" class=\"attachment-medium size-medium\" alt=\"\" aria-describedby=\"gallery-1-872\" srcset=\"https:\/\/kreativclub-kiel.de\/wp-content\/uploads\/2017\/04\/IMG_20170422_142315-e1492897111787-300x225.jpg 300w, https:\/\/kreativclub-kiel.de\/wp-content\/uploads\/2017\/04\/IMG_20170422_142315-e1492897111787-768x576.jpg 768w, https:\/\/kreativclub-kiel.de\/wp-content\/uploads\/2017\/04\/IMG_20170422_142315-e1492897111787-1024x768.jpg 1024w\" sizes=\"auto, (max-width: 300px) 100vw, 300px\" \/><\/a>\n\t\t\t<\/dt>\n\t\t\t\t<dd class='wp-caption-text gallery-caption' id='gallery-1-872'>\n\t\t\t\tFrau kann nicht genug Taschen haben\n\t\t\t\t<\/dd><\/dl><dl class='gallery-item'>\n\t\t\t<dt class='gallery-icon landscape'>\n\t\t\t\t<a href='https:\/\/kreativclub-kiel.de\/?attachment_id=871'><img loading=\"lazy\" decoding=\"async\" width=\"300\" height=\"225\" src=\"https:\/\/kreativclub-kiel.de\/wp-content\/uploads\/2017\/04\/IMG_20170422_142423-300x225.jpg\" class=\"attachment-medium size-medium\" alt=\"\" aria-describedby=\"gallery-1-871\" srcset=\"https:\/\/kreativclub-kiel.de\/wp-content\/uploads\/2017\/04\/IMG_20170422_142423-300x225.jpg 300w, https:\/\/kreativclub-kiel.de\/wp-content\/uploads\/2017\/04\/IMG_20170422_142423-768x576.jpg 768w, https:\/\/kreativclub-kiel.de\/wp-content\/uploads\/2017\/04\/IMG_20170422_142423-1024x768.jpg 1024w\" sizes=\"auto, (max-width: 300px) 100vw, 300px\" \/><\/a>\n\t\t\t<\/dt>\n\t\t\t\t<dd class='wp-caption-text gallery-caption' id='gallery-1-871'>\n\t\t\t\tIch schick dir ein L\u00e4cheln\n\t\t\t\t<\/dd><\/dl><br style=\"clear: both\" \/><dl class='gallery-item'>\n\t\t\t<dt class='gallery-icon landscape'>\n\t\t\t\t<a href='https:\/\/kreativclub-kiel.de\/?attachment_id=901'><img loading=\"lazy\" decoding=\"async\" width=\"300\" height=\"225\" src=\"https:\/\/kreativclub-kiel.de\/wp-content\/uploads\/2017\/05\/IMG_20170509_211905-300x225.jpg\" class=\"attachment-medium size-medium\" alt=\"\" aria-describedby=\"gallery-1-901\" srcset=\"https:\/\/kreativclub-kiel.de\/wp-content\/uploads\/2017\/05\/IMG_20170509_211905-300x225.jpg 300w, https:\/\/kreativclub-kiel.de\/wp-content\/uploads\/2017\/05\/IMG_20170509_211905-768x576.jpg 768w, https:\/\/kreativclub-kiel.de\/wp-content\/uploads\/2017\/05\/IMG_20170509_211905-1024x768.jpg 1024w\" sizes=\"auto, (max-width: 300px) 100vw, 300px\" \/><\/a>\n\t\t\t<\/dt>\n\t\t\t\t<dd class='wp-caption-text gallery-caption' id='gallery-1-901'>\n\t\t\t\tGabi hat sich einen Emoji-Schl\u00fcsselanh\u00e4nger gef\u00e4delt.\nSuper\n\t\t\t\t<\/dd><\/dl><dl class='gallery-item'>\n\t\t\t<dt class='gallery-icon landscape'>\n\t\t\t\t<a href='https:\/\/kreativclub-kiel.de\/?attachment_id=945'><img loading=\"lazy\" decoding=\"async\" width=\"300\" height=\"225\" src=\"https:\/\/kreativclub-kiel.de\/wp-content\/uploads\/2017\/08\/IMG_20170801_133717-300x225.jpg\" class=\"attachment-medium size-medium\" alt=\"\" aria-describedby=\"gallery-1-945\" srcset=\"https:\/\/kreativclub-kiel.de\/wp-content\/uploads\/2017\/08\/IMG_20170801_133717-300x225.jpg 300w, https:\/\/kreativclub-kiel.de\/wp-content\/uploads\/2017\/08\/IMG_20170801_133717-768x576.jpg 768w, https:\/\/kreativclub-kiel.de\/wp-content\/uploads\/2017\/08\/IMG_20170801_133717-1024x768.jpg 1024w\" sizes=\"auto, (max-width: 300px) 100vw, 300px\" \/><\/a>\n\t\t\t<\/dt>\n\t\t\t\t<dd class='wp-caption-text gallery-caption' id='gallery-1-945'>\n\t\t\t\tLebkuchen- B\u00e4ckerei \n\t\t\t\t<\/dd><\/dl><dl class='gallery-item'>\n\t\t\t<dt class='gallery-icon landscape'>\n\t\t\t\t<a href='https:\/\/kreativclub-kiel.de\/?attachment_id=947'><img loading=\"lazy\" decoding=\"async\" width=\"300\" height=\"225\" src=\"https:\/\/kreativclub-kiel.de\/wp-content\/uploads\/2017\/08\/IMG_20170801_073202-300x225.jpg\" class=\"attachment-medium size-medium\" alt=\"\" aria-describedby=\"gallery-1-947\" srcset=\"https:\/\/kreativclub-kiel.de\/wp-content\/uploads\/2017\/08\/IMG_20170801_073202-300x225.jpg 300w, https:\/\/kreativclub-kiel.de\/wp-content\/uploads\/2017\/08\/IMG_20170801_073202-768x576.jpg 768w, https:\/\/kreativclub-kiel.de\/wp-content\/uploads\/2017\/08\/IMG_20170801_073202-1024x768.jpg 1024w\" sizes=\"auto, (max-width: 300px) 100vw, 300px\" \/><\/a>\n\t\t\t<\/dt>\n\t\t\t\t<dd class='wp-caption-text gallery-caption' id='gallery-1-947'>\n\t\t\t\tAXLE Spinner Pendant\nSeite 1\n\t\t\t\t<\/dd><\/dl><br style=\"clear: both\" \/><dl class='gallery-item'>\n\t\t\t<dt class='gallery-icon landscape'>\n\t\t\t\t<a href='https:\/\/kreativclub-kiel.de\/?attachment_id=946'><img loading=\"lazy\" decoding=\"async\" width=\"300\" height=\"225\" src=\"https:\/\/kreativclub-kiel.de\/wp-content\/uploads\/2017\/08\/IMG_20170801_073249-300x225.jpg\" class=\"attachment-medium size-medium\" alt=\"\" srcset=\"https:\/\/kreativclub-kiel.de\/wp-content\/uploads\/2017\/08\/IMG_20170801_073249-300x225.jpg 300w, https:\/\/kreativclub-kiel.de\/wp-content\/uploads\/2017\/08\/IMG_20170801_073249-768x576.jpg 768w, https:\/\/kreativclub-kiel.de\/wp-content\/uploads\/2017\/08\/IMG_20170801_073249-1024x768.jpg 1024w\" sizes=\"auto, (max-width: 300px) 100vw, 300px\" \/><\/a>\n\t\t\t<\/dt><\/dl><dl class='gallery-item'>\n\t\t\t<dt class='gallery-icon landscape'>\n\t\t\t\t<a href='https:\/\/kreativclub-kiel.de\/?attachment_id=970'><img loading=\"lazy\" decoding=\"async\" width=\"300\" height=\"225\" src=\"https:\/\/kreativclub-kiel.de\/wp-content\/uploads\/2017\/10\/IMG_20171001_184934-e1506877760468-300x225.jpg\" class=\"attachment-medium size-medium\" alt=\"\" aria-describedby=\"gallery-1-970\" srcset=\"https:\/\/kreativclub-kiel.de\/wp-content\/uploads\/2017\/10\/IMG_20171001_184934-e1506877760468-300x225.jpg 300w, https:\/\/kreativclub-kiel.de\/wp-content\/uploads\/2017\/10\/IMG_20171001_184934-e1506877760468-768x576.jpg 768w, https:\/\/kreativclub-kiel.de\/wp-content\/uploads\/2017\/10\/IMG_20171001_184934-e1506877760468-1024x768.jpg 1024w\" sizes=\"auto, (max-width: 300px) 100vw, 300px\" \/><\/a>\n\t\t\t<\/dt>\n\t\t\t\t<dd class='wp-caption-text gallery-caption' id='gallery-1-970'>\n\t\t\t\tOrnamentstern nach einer Anleitung von Anja Westphal\n\t\t\t\t<\/dd><\/dl><dl class='gallery-item'>\n\t\t\t<dt class='gallery-icon landscape'>\n\t\t\t\t<a href='https:\/\/kreativclub-kiel.de\/?attachment_id=1027'><img loading=\"lazy\" decoding=\"async\" width=\"300\" height=\"225\" src=\"https:\/\/kreativclub-kiel.de\/wp-content\/uploads\/2018\/01\/IMG_20171210_082152-300x225.jpg\" class=\"attachment-medium size-medium\" alt=\"\" aria-describedby=\"gallery-1-1027\" srcset=\"https:\/\/kreativclub-kiel.de\/wp-content\/uploads\/2018\/01\/IMG_20171210_082152-300x225.jpg 300w, https:\/\/kreativclub-kiel.de\/wp-content\/uploads\/2018\/01\/IMG_20171210_082152-768x576.jpg 768w, https:\/\/kreativclub-kiel.de\/wp-content\/uploads\/2018\/01\/IMG_20171210_082152-1024x768.jpg 1024w\" sizes=\"auto, (max-width: 300px) 100vw, 300px\" \/><\/a>\n\t\t\t<\/dt>\n\t\t\t\t<dd class='wp-caption-text gallery-caption' id='gallery-1-1027'>\n\t\t\t\tSchneeflockenhaus und Post\n\t\t\t\t<\/dd><\/dl><br style=\"clear: both\" \/><dl class='gallery-item'>\n\t\t\t<dt class='gallery-icon landscape'>\n\t\t\t\t<a href='https:\/\/kreativclub-kiel.de\/?attachment_id=1021'><img loading=\"lazy\" decoding=\"async\" width=\"300\" height=\"225\" src=\"https:\/\/kreativclub-kiel.de\/wp-content\/uploads\/2018\/01\/IMG_20171228_124043-300x225.jpg\" class=\"attachment-medium size-medium\" alt=\"\" aria-describedby=\"gallery-1-1021\" srcset=\"https:\/\/kreativclub-kiel.de\/wp-content\/uploads\/2018\/01\/IMG_20171228_124043-300x225.jpg 300w, https:\/\/kreativclub-kiel.de\/wp-content\/uploads\/2018\/01\/IMG_20171228_124043-768x576.jpg 768w, https:\/\/kreativclub-kiel.de\/wp-content\/uploads\/2018\/01\/IMG_20171228_124043-1024x768.jpg 1024w\" sizes=\"auto, (max-width: 300px) 100vw, 300px\" \/><\/a>\n\t\t\t<\/dt>\n\t\t\t\t<dd class='wp-caption-text gallery-caption' id='gallery-1-1021'>\n\t\t\t\tMarktstand\n\t\t\t\t<\/dd><\/dl><dl class='gallery-item'>\n\t\t\t<dt class='gallery-icon portrait'>\n\t\t\t\t<a href='https:\/\/kreativclub-kiel.de\/?attachment_id=1047'><img loading=\"lazy\" decoding=\"async\" width=\"225\" height=\"300\" src=\"https:\/\/kreativclub-kiel.de\/wp-content\/uploads\/2018\/01\/IMG_20180117_133352-225x300.jpg\" class=\"attachment-medium size-medium\" alt=\"\" aria-describedby=\"gallery-1-1047\" srcset=\"https:\/\/kreativclub-kiel.de\/wp-content\/uploads\/2018\/01\/IMG_20180117_133352-225x300.jpg 225w, https:\/\/kreativclub-kiel.de\/wp-content\/uploads\/2018\/01\/IMG_20180117_133352-768x1024.jpg 768w\" sizes=\"auto, (max-width: 225px) 100vw, 225px\" \/><\/a>\n\t\t\t<\/dt>\n\t\t\t\t<dd class='wp-caption-text gallery-caption' id='gallery-1-1047'>\n\t\t\t\tHot Dog Bude\n\t\t\t\t<\/dd><\/dl><dl class='gallery-item'>\n\t\t\t<dt class='gallery-icon portrait'>\n\t\t\t\t<a href='https:\/\/kreativclub-kiel.de\/?attachment_id=1046'><img loading=\"lazy\" decoding=\"async\" width=\"225\" height=\"300\" src=\"https:\/\/kreativclub-kiel.de\/wp-content\/uploads\/2018\/01\/IMG_20180117_133304-225x300.jpg\" class=\"attachment-medium size-medium\" alt=\"\" aria-describedby=\"gallery-1-1046\" srcset=\"https:\/\/kreativclub-kiel.de\/wp-content\/uploads\/2018\/01\/IMG_20180117_133304-225x300.jpg 225w, https:\/\/kreativclub-kiel.de\/wp-content\/uploads\/2018\/01\/IMG_20180117_133304-768x1024.jpg 768w\" sizes=\"auto, (max-width: 225px) 100vw, 225px\" \/><\/a>\n\t\t\t<\/dt>\n\t\t\t\t<dd class='wp-caption-text gallery-caption' id='gallery-1-1046'>\n\t\t\t\tElfen Lodge\n\t\t\t\t<\/dd><\/dl><br style=\"clear: both\" \/><dl class='gallery-item'>\n\t\t\t<dt class='gallery-icon landscape'>\n\t\t\t\t<a href='https:\/\/kreativclub-kiel.de\/?attachment_id=1076'><img loading=\"lazy\" decoding=\"async\" width=\"300\" height=\"225\" src=\"https:\/\/kreativclub-kiel.de\/wp-content\/uploads\/2018\/04\/IMG_20180409_134336-1-300x225.jpg\" class=\"attachment-medium size-medium\" alt=\"\" aria-describedby=\"gallery-1-1076\" srcset=\"https:\/\/kreativclub-kiel.de\/wp-content\/uploads\/2018\/04\/IMG_20180409_134336-1-300x225.jpg 300w, https:\/\/kreativclub-kiel.de\/wp-content\/uploads\/2018\/04\/IMG_20180409_134336-1-768x576.jpg 768w, https:\/\/kreativclub-kiel.de\/wp-content\/uploads\/2018\/04\/IMG_20180409_134336-1-1024x768.jpg 1024w\" sizes=\"auto, (max-width: 300px) 100vw, 300px\" \/><\/a>\n\t\t\t<\/dt>\n\t\t\t\t<dd class='wp-caption-text gallery-caption' id='gallery-1-1076'>\n\t\t\t\tDer Bahnhof.\n\t\t\t\t<\/dd><\/dl><dl class='gallery-item'>\n\t\t\t<dt class='gallery-icon landscape'>\n\t\t\t\t<a href='https:\/\/kreativclub-kiel.de\/?attachment_id=1259'><img loading=\"lazy\" decoding=\"async\" width=\"300\" height=\"300\" src=\"https:\/\/kreativclub-kiel.de\/wp-content\/uploads\/2019\/04\/IMG-20190322-WA0007-300x300.jpg\" class=\"attachment-medium size-medium\" alt=\"\" aria-describedby=\"gallery-1-1259\" srcset=\"https:\/\/kreativclub-kiel.de\/wp-content\/uploads\/2019\/04\/IMG-20190322-WA0007-300x300.jpg 300w, https:\/\/kreativclub-kiel.de\/wp-content\/uploads\/2019\/04\/IMG-20190322-WA0007-150x150.jpg 150w, https:\/\/kreativclub-kiel.de\/wp-content\/uploads\/2019\/04\/IMG-20190322-WA0007-768x767.jpg 768w, https:\/\/kreativclub-kiel.de\/wp-content\/uploads\/2019\/04\/IMG-20190322-WA0007-1024x1024.jpg 1024w, https:\/\/kreativclub-kiel.de\/wp-content\/uploads\/2019\/04\/IMG-20190322-WA0007-50x50.jpg 50w, https:\/\/kreativclub-kiel.de\/wp-content\/uploads\/2019\/04\/IMG-20190322-WA0007.jpg 1600w\" sizes=\"auto, (max-width: 300px) 100vw, 300px\" \/><\/a>\n\t\t\t<\/dt>\n\t\t\t\t<dd class='wp-caption-text gallery-caption' id='gallery-1-1259'>\n\t\t\t\tDie Zwerge feiern den Fr\u00fchlingsanfang bis sp\u00e4t in der Nacht.\n\t\t\t\t<\/dd><\/dl>\n\t\t\t<br style='clear: both' \/>\n\t\t<\/div>\n\n\n\n<figure class=\"wp-block-gallery has-nested-images columns-default is-cropped wp-block-gallery-1 is-layout-flex wp-block-gallery-is-layout-flex\">\n<figure class=\"wp-block-image size-large\"><a href=\"https:\/\/kreativclub-kiel.de\/wp-content\/uploads\/2024\/06\/20240518_1135412.jpg\"><img loading=\"lazy\" decoding=\"async\" width=\"986\" height=\"1024\" data-id=\"1651\" src=\"https:\/\/kreativclub-kiel.de\/wp-content\/uploads\/2024\/06\/20240518_1135412-986x1024.jpg\" alt=\"\" class=\"wp-image-1651\" srcset=\"https:\/\/kreativclub-kiel.de\/wp-content\/uploads\/2024\/06\/20240518_1135412-986x1024.jpg 986w, https:\/\/kreativclub-kiel.de\/wp-content\/uploads\/2024\/06\/20240518_1135412-289x300.jpg 289w, https:\/\/kreativclub-kiel.de\/wp-content\/uploads\/2024\/06\/20240518_1135412-768x798.jpg 768w, https:\/\/kreativclub-kiel.de\/wp-content\/uploads\/2024\/06\/20240518_1135412-1478x1536.jpg 1478w, https:\/\/kreativclub-kiel.de\/wp-content\/uploads\/2024\/06\/20240518_1135412.jpg 1767w\" sizes=\"auto, (max-width: 986px) 100vw, 986px\" \/><\/a><figcaption class=\"wp-element-caption\">Blumenstrau\u00df zum Muttertag<\/figcaption><\/figure>\n<\/figure>\n","protected":false},"excerpt":{"rendered":"","protected":false},"author":3,"featured_media":0,"parent":135,"menu_order":0,"comment_status":"open","ping_status":"closed","template":"page-template-full.php","meta":{"footnotes":""},"class_list":["post-187","page","type-page","status-publish","hentry"],"_links":{"self":[{"href":"https:\/\/kreativclub-kiel.de\/index.php?rest_route=\/wp\/v2\/pages\/187","targetHints":{"allow":["GET"]}}],"collection":[{"href":"https:\/\/kreativclub-kiel.de\/index.php?rest_route=\/wp\/v2\/pages"}],"about":[{"href":"https:\/\/kreativclub-kiel.de\/index.php?rest_route=\/wp\/v2\/types\/page"}],"author":[{"embeddable":true,"href":"https:\/\/kreativclub-kiel.de\/index.php?rest_route=\/wp\/v2\/users\/3"}],"replies":[{"embeddable":true,"href":"https:\/\/kreativclub-kiel.de\/index.php?rest_route=%2Fwp%2Fv2%2Fcomments&post=187"}],"version-history":[{"count":15,"href":"https:\/\/kreativclub-kiel.de\/index.php?rest_route=\/wp\/v2\/pages\/187\/revisions"}],"predecessor-version":[{"id":1660,"href":"https:\/\/kreativclub-kiel.de\/index.php?rest_route=\/wp\/v2\/pages\/187\/revisions\/1660"}],"up":[{"embeddable":true,"href":"https:\/\/kreativclub-kiel.de\/index.php?rest_route=\/wp\/v2\/pages\/135"}],"wp:attachment":[{"href":"https:\/\/kreativclub-kiel.de\/index.php?rest_route=%2Fwp%2Fv2%2Fmedia&parent=187"}],"curies":[{"name":"wp","href":"https:\/\/api.w.org\/{rel}","templated":true}]}}