{"id":1461,"date":"2022-08-24T16:23:01","date_gmt":"2022-08-24T14:23:01","guid":{"rendered":"https:\/\/kreativclub-kiel.de\/?page_id=1461"},"modified":"2022-08-25T13:56:28","modified_gmt":"2022-08-25T11:56:28","slug":"veranstaltungen-2022","status":"publish","type":"page","link":"https:\/\/kreativclub-kiel.de\/?page_id=1461","title":{"rendered":"Veranstaltungen 2022"},"content":{"rendered":"\n<p><strong>23. Oktober 2022<\/strong><\/p>\n\n\n\n<p>13-17 Uhr<\/p>\n\n\n\n<p>Herbstgefl\u00fcster mit einem Hauch von Weihnachten.<\/p>\n\n\n\n<p>Heimkunstmarkt mit Cafe- Stube auf Hof Akkerboom<\/p>\n\n\n\n<p><\/p>\n\n\n\n<p><\/p>\n\n\n\n<p><\/p>\n\n\n\n<p><\/p>\n\n\n\n<p><\/p>\n\n\n\n<p><\/p>\n\n\n\n<p>Das kleine, blaue Quadrat<\/p>\n\n\n\n<p>Gestalte zusammen mit dem Kreativclub dein eigenes Buch. Dazu solltest du einfache Faltarbeiten ausf\u00fchren k\u00f6nnen.<\/p>\n\n\n\n<p>Datum: 29.10.2022<br>Uhrzeit: 15:00-18:00 Uhr<br>Ort:. Palette 6<br>Eintritt: frei<\/p>\n\n\n\n<p><\/p>\n\n\n\n<p><\/p>\n\n\n\n<p><\/p>\n\n\n\n<p><\/p>\n\n\n\n<p><\/p>\n\n\n\n<p><\/p>\n\n\n\n<p><\/p>\n\n\n\n<p><\/p>\n\n\n\n<p><\/p>\n\n\n\n<p><\/p>\n\n\n\n<p>Ausstellung<\/p>\n\n\n\n<p>Perlen- Miniaturwunderland <\/p>\n\n\n\n<figure class=\"wp-block-table\"><table><tbody><tr><td><br>Das kleine Perlen-Miniaturwunderland wurde&nbsp;um einen Campingplatz&nbsp;erweitert. W\u00e4hrend Oma&nbsp;und Opa das sch\u00f6ne Wetter&nbsp;mit den Enten im Park&nbsp;genie\u00dfen, ist Santab\u00e4r&nbsp;dieses Jahr besonders fr\u00fch&nbsp;dran, und dreht schon mal&nbsp;eine Runde mit seinen voll&nbsp;beladenen Schlitten.<\/td><\/tr><\/tbody><\/table><\/figure>\n","protected":false},"excerpt":{"rendered":"<p>23. Oktober 2022 13-17 Uhr Herbstgefl\u00fcster mit einem Hauch von Weihnachten. Heimkunstmarkt mit Cafe- Stube auf Hof Akkerboom Das kleine, blaue Quadrat Gestalte zusammen mit dem Kreativclub dein eigenes Buch. Dazu solltest du einfache Faltarbeiten ausf\u00fchren k\u00f6nnen. Datum: 29.10.2022Uhrzeit: 15:00-18:00 &hellip; <a href=\"https:\/\/kreativclub-kiel.de\/?page_id=1461\">Weiterlesen <span class=\"meta-nav\">&rarr;<\/span><\/a><\/p>\n","protected":false},"author":2,"featured_media":0,"parent":0,"menu_order":0,"comment_status":"closed","ping_status":"closed","template":"","meta":{"footnotes":""},"class_list":["post-1461","page","type-page","status-publish","hentry"],"_links":{"self":[{"href":"https:\/\/kreativclub-kiel.de\/index.php?rest_route=\/wp\/v2\/pages\/1461","targetHints":{"allow":["GET"]}}],"collection":[{"href":"https:\/\/kreativclub-kiel.de\/index.php?rest_route=\/wp\/v2\/pages"}],"about":[{"href":"https:\/\/kreativclub-kiel.de\/index.php?rest_route=\/wp\/v2\/types\/page"}],"author":[{"embeddable":true,"href":"https:\/\/kreativclub-kiel.de\/index.php?rest_route=\/wp\/v2\/users\/2"}],"replies":[{"embeddable":true,"href":"https:\/\/kreativclub-kiel.de\/index.php?rest_route=%2Fwp%2Fv2%2Fcomments&post=1461"}],"version-history":[{"count":5,"href":"https:\/\/kreativclub-kiel.de\/index.php?rest_route=\/wp\/v2\/pages\/1461\/revisions"}],"predecessor-version":[{"id":1469,"href":"https:\/\/kreativclub-kiel.de\/index.php?rest_route=\/wp\/v2\/pages\/1461\/revisions\/1469"}],"wp:attachment":[{"href":"https:\/\/kreativclub-kiel.de\/index.php?rest_route=%2Fwp%2Fv2%2Fmedia&parent=1461"}],"curies":[{"name":"wp","href":"https:\/\/api.w.org\/{rel}","templated":true}]}}