{"id":1338,"date":"2020-08-24T22:56:10","date_gmt":"2020-08-24T20:56:10","guid":{"rendered":"https:\/\/kreativclub-kiel.de\/?page_id=1338"},"modified":"2020-08-24T23:24:01","modified_gmt":"2020-08-24T21:24:01","slug":"perlenwunderland","status":"publish","type":"page","link":"https:\/\/kreativclub-kiel.de\/?page_id=1338","title":{"rendered":"Perlenwunderland"},"content":{"rendered":"\n<p>Auf dieser Seite finden Sie einige Bilder von meinen kleinen Perlenwelten.<\/p>\n\n\n\n<div class=\"wp-block-group\"><div class=\"wp-block-group__inner-container is-layout-flow wp-block-group-is-layout-flow\">\n<div class=\"wp-block-media-text alignwide is-stacked-on-mobile\"><figure class=\"wp-block-media-text__media\"><a href=\"https:\/\/kreativclub-kiel.de\/wp-content\/uploads\/2019\/04\/IMG-20190322-WA0007.jpg\"><img loading=\"lazy\" decoding=\"async\" width=\"1024\" height=\"1024\" src=\"https:\/\/kreativclub-kiel.de\/wp-content\/uploads\/2019\/04\/IMG-20190322-WA0007-1024x1024.jpg\" alt=\"\" class=\"wp-image-1259\" srcset=\"https:\/\/kreativclub-kiel.de\/wp-content\/uploads\/2019\/04\/IMG-20190322-WA0007-1024x1024.jpg 1024w, https:\/\/kreativclub-kiel.de\/wp-content\/uploads\/2019\/04\/IMG-20190322-WA0007-150x150.jpg 150w, https:\/\/kreativclub-kiel.de\/wp-content\/uploads\/2019\/04\/IMG-20190322-WA0007-300x300.jpg 300w, https:\/\/kreativclub-kiel.de\/wp-content\/uploads\/2019\/04\/IMG-20190322-WA0007-768x767.jpg 768w, https:\/\/kreativclub-kiel.de\/wp-content\/uploads\/2019\/04\/IMG-20190322-WA0007-50x50.jpg 50w, https:\/\/kreativclub-kiel.de\/wp-content\/uploads\/2019\/04\/IMG-20190322-WA0007.jpg 1600w\" sizes=\"auto, (max-width: 1024px) 100vw, 1024px\" \/><\/a><\/figure><div class=\"wp-block-media-text__content\">\n<p class=\"has-normal-font-size\">Die Zwerge feiern den Fr\u00fchlingsanfang bis sp\u00e4t in der Nacht.<\/p>\n<\/div><\/div>\n<\/div><\/div>\n\n\n\n<div class=\"wp-block-media-text alignwide has-media-on-the-right is-stacked-on-mobile\"><figure class=\"wp-block-media-text__media\"><a href=\"https:\/\/kreativclub-kiel.de\/wp-content\/uploads\/2020\/06\/Freizeitpark-Kiel-scaled.jpg\"><img loading=\"lazy\" decoding=\"async\" width=\"1024\" height=\"458\" src=\"https:\/\/kreativclub-kiel.de\/wp-content\/uploads\/2020\/06\/Freizeitpark-Kiel-1024x458.jpg\" alt=\"\" class=\"wp-image-1334\" srcset=\"https:\/\/kreativclub-kiel.de\/wp-content\/uploads\/2020\/06\/Freizeitpark-Kiel-1024x458.jpg 1024w, https:\/\/kreativclub-kiel.de\/wp-content\/uploads\/2020\/06\/Freizeitpark-Kiel-300x135.jpg 300w, https:\/\/kreativclub-kiel.de\/wp-content\/uploads\/2020\/06\/Freizeitpark-Kiel-768x343.jpg 768w, https:\/\/kreativclub-kiel.de\/wp-content\/uploads\/2020\/06\/Freizeitpark-Kiel-1536x687.jpg 1536w, https:\/\/kreativclub-kiel.de\/wp-content\/uploads\/2020\/06\/Freizeitpark-Kiel-2048x916.jpg 2048w\" sizes=\"auto, (max-width: 1024px) 100vw, 1024px\" \/><\/a><\/figure><div class=\"wp-block-media-text__content\">\n<p class=\"has-normal-font-size\">Wir waren heut im Kieler Freizeitpark.<br>Sicherheitsabst\u00e4nde wurden eingehalten. Ein sch\u00f6ner Tag geht zu Ende. Wir hatten viel Spa\u00df.<\/p>\n<\/div><\/div>\n\n\n\n<div class=\"wp-block-media-text alignwide is-stacked-on-mobile\"><figure class=\"wp-block-media-text__media\"><a href=\"https:\/\/kreativclub-kiel.de\/?page_id=1099\"><img loading=\"lazy\" decoding=\"async\" width=\"1024\" height=\"705\" src=\"https:\/\/kreativclub-kiel.de\/wp-content\/uploads\/2018\/09\/Weihnachtsdorf-1024x705.jpg\" alt=\"\" class=\"wp-image-1103\" srcset=\"https:\/\/kreativclub-kiel.de\/wp-content\/uploads\/2018\/09\/Weihnachtsdorf-1024x705.jpg 1024w, https:\/\/kreativclub-kiel.de\/wp-content\/uploads\/2018\/09\/Weihnachtsdorf-300x206.jpg 300w, https:\/\/kreativclub-kiel.de\/wp-content\/uploads\/2018\/09\/Weihnachtsdorf-768x529.jpg 768w\" sizes=\"auto, (max-width: 1024px) 100vw, 1024px\" \/><\/a><\/figure><div class=\"wp-block-media-text__content\">\n<p class=\"has-normal-font-size\">Mein kleines Weihnachtsdorf<\/p>\n<\/div><\/div>\n","protected":false},"excerpt":{"rendered":"<p>Auf dieser Seite finden Sie einige Bilder von meinen kleinen Perlenwelten. Die Zwerge feiern den Fr\u00fchlingsanfang bis sp\u00e4t in der Nacht. Wir waren heut im Kieler Freizeitpark.Sicherheitsabst\u00e4nde wurden eingehalten. Ein sch\u00f6ner Tag geht zu Ende. Wir hatten viel Spa\u00df. Mein &hellip; <a href=\"https:\/\/kreativclub-kiel.de\/?page_id=1338\">Weiterlesen <span class=\"meta-nav\">&rarr;<\/span><\/a><\/p>\n","protected":false},"author":2,"featured_media":0,"parent":135,"menu_order":4,"comment_status":"closed","ping_status":"closed","template":"page-template-full.php","meta":{"footnotes":""},"class_list":["post-1338","page","type-page","status-publish","hentry"],"_links":{"self":[{"href":"https:\/\/kreativclub-kiel.de\/index.php?rest_route=\/wp\/v2\/pages\/1338","targetHints":{"allow":["GET"]}}],"collection":[{"href":"https:\/\/kreativclub-kiel.de\/index.php?rest_route=\/wp\/v2\/pages"}],"about":[{"href":"https:\/\/kreativclub-kiel.de\/index.php?rest_route=\/wp\/v2\/types\/page"}],"author":[{"embeddable":true,"href":"https:\/\/kreativclub-kiel.de\/index.php?rest_route=\/wp\/v2\/users\/2"}],"replies":[{"embeddable":true,"href":"https:\/\/kreativclub-kiel.de\/index.php?rest_route=%2Fwp%2Fv2%2Fcomments&post=1338"}],"version-history":[{"count":9,"href":"https:\/\/kreativclub-kiel.de\/index.php?rest_route=\/wp\/v2\/pages\/1338\/revisions"}],"predecessor-version":[{"id":1353,"href":"https:\/\/kreativclub-kiel.de\/index.php?rest_route=\/wp\/v2\/pages\/1338\/revisions\/1353"}],"up":[{"embeddable":true,"href":"https:\/\/kreativclub-kiel.de\/index.php?rest_route=\/wp\/v2\/pages\/135"}],"wp:attachment":[{"href":"https:\/\/kreativclub-kiel.de\/index.php?rest_route=%2Fwp%2Fv2%2Fmedia&parent=1338"}],"curies":[{"name":"wp","href":"https:\/\/api.w.org\/{rel}","templated":true}]}}